{"id":487,"date":"2018-11-30T17:54:16","date_gmt":"2018-11-30T16:54:16","guid":{"rendered":"https:\/\/www.usf-an.pt\/academia-csp\/?page_id=487"},"modified":"2018-11-30T17:54:16","modified_gmt":"2018-11-30T16:54:16","slug":"maria-joao-marques","status":"publish","type":"page","link":"https:\/\/www.usf-an.pt\/academia-csp\/maria-joao-marques\/","title":{"rendered":"Maria Jo\u00e3o Marques"},"content":{"rendered":"<div class=\"wpb-content-wrapper\"><p>[vc_row][vc_column][vc_column_text]<strong><img loading=\"lazy\" decoding=\"async\" class=\"wp-image-486 size-thumbnail aligncenter\" src=\"https:\/\/www.usf-an.pt\/academia-csp\/wp-content\/uploads\/2018\/11\/mjmarques-150x150.png\" alt=\"\" width=\"150\" height=\"150\" srcset=\"https:\/\/www.usf-an.pt\/academia-csp\/wp-content\/uploads\/2018\/11\/mjmarques-150x150.png 150w, https:\/\/www.usf-an.pt\/academia-csp\/wp-content\/uploads\/2018\/11\/mjmarques-300x299.png 300w, https:\/\/www.usf-an.pt\/academia-csp\/wp-content\/uploads\/2018\/11\/mjmarques.png 301w\" sizes=\"auto, (max-width: 150px) 100vw, 150px\" \/><\/strong><\/p>\n<p><strong>Maria Jo\u00e3o Marques<\/strong>\u00a0(1972) \u2013 licenciada em Medicina (1996) pela Faculdade de Medicina da Universidade de Coimbra.<\/p>\n<p>Desde 2016, Assistente Graduada da Carreira M\u00e9dica de Medicina Geral e Familiar (MGF), pertencendo desde 2008 \u00e0 equipa da USF Santa Joana, em Aveiro, sendo o elemento m\u00e9dico do Conselho T\u00e9cnico desde 2014.<\/p>\n<p>Realiza consultas de cessa\u00e7\u00e3o tab\u00e1gica no centro de sa\u00fade de Aveiro, sendo tamb\u00e9m formadora nesta \u00e1rea e com alguns trabalhos cient\u00edficos desenvolvidos, apresentados e publicados nesta tem\u00e1tica.<\/p>\n<p>Orientadora de forma\u00e7\u00e3o em MGF desde 2006. Neste contexto, tem participado em j\u00faris de sele\u00e7\u00e3o e avalia\u00e7\u00e3o de comunica\u00e7\u00f5es livres em eventos cient\u00edficos e em j\u00faris de exames de final de internato. Foi tamb\u00e9m por 2 anos presidente da Comiss\u00e3o cient\u00edfica da Academia M\u00e9dica.<\/p>\n<p>Foi recentemente formadora de cursos EURACT (Academia Europeia de Docentes e Orientadores de MGF).<\/p>\n<p>Pertence \u00e0 equipa da ERA (Equipa Regional de Apoio e Acompanhamento) Centro desde 2016.<\/p>\n<p>&nbsp;<\/p>\n<p><strong><u>NOTA PESSOAL<\/u><\/strong><\/p>\n<p><strong>Quest\u00e3o:<\/strong>\u00a0&#8220;Como pode a ACSP contribuir para o desenvolvimento dos CSP?&#8221;<br \/>\n<strong>Resposta:<\/strong>\u00a0&#8220;A ACSP permite uma aprendizagem baseada num modelo inovador, criativo e interativo, permitindo aos formandos uma troca de experi\u00eancias e viv\u00eancias, com capacita\u00e7\u00e3o em \u00e1reas de extrema import\u00e2ncia para a evolu\u00e7\u00e3o dos cuidados de sa\u00fade prim\u00e1rios e do trabalho em equipa.&#8221;[\/vc_column_text][\/vc_column][\/vc_row]<\/p>\n<\/div>","protected":false},"excerpt":{"rendered":"<p>[vc_row][vc_column][vc_column_text] Maria Jo\u00e3o Marques\u00a0(1972) \u2013 licenciada em Medicina (1996) pela Faculdade de Medicina da Universidade de Coimbra. Desde 2016, Assistente Graduada da Carreira M\u00e9dica de Medicina Geral e Familiar (MGF),&#8230;<\/p>\n","protected":false},"author":1,"featured_media":486,"parent":0,"menu_order":0,"comment_status":"closed","ping_status":"closed","template":"","meta":{"footnotes":""},"class_list":["post-487","page","type-page","status-publish","has-post-thumbnail","hentry"],"aioseo_notices":[],"_links":{"self":[{"href":"https:\/\/www.usf-an.pt\/academia-csp\/wp-json\/wp\/v2\/pages\/487","targetHints":{"allow":["GET"]}}],"collection":[{"href":"https:\/\/www.usf-an.pt\/academia-csp\/wp-json\/wp\/v2\/pages"}],"about":[{"href":"https:\/\/www.usf-an.pt\/academia-csp\/wp-json\/wp\/v2\/types\/page"}],"author":[{"embeddable":true,"href":"https:\/\/www.usf-an.pt\/academia-csp\/wp-json\/wp\/v2\/users\/1"}],"replies":[{"embeddable":true,"href":"https:\/\/www.usf-an.pt\/academia-csp\/wp-json\/wp\/v2\/comments?post=487"}],"version-history":[{"count":1,"href":"https:\/\/www.usf-an.pt\/academia-csp\/wp-json\/wp\/v2\/pages\/487\/revisions"}],"predecessor-version":[{"id":488,"href":"https:\/\/www.usf-an.pt\/academia-csp\/wp-json\/wp\/v2\/pages\/487\/revisions\/488"}],"wp:featuredmedia":[{"embeddable":true,"href":"https:\/\/www.usf-an.pt\/academia-csp\/wp-json\/wp\/v2\/media\/486"}],"wp:attachment":[{"href":"https:\/\/www.usf-an.pt\/academia-csp\/wp-json\/wp\/v2\/media?parent=487"}],"curies":[{"name":"wp","href":"https:\/\/api.w.org\/{rel}","templated":true}]}}