{"id":478,"date":"2018-11-20T16:40:23","date_gmt":"2018-11-20T15:40:23","guid":{"rendered":"https:\/\/www.usf-an.pt\/academia-csp\/?page_id=478"},"modified":"2018-11-20T16:40:23","modified_gmt":"2018-11-20T15:40:23","slug":"carlos-filipe-santos","status":"publish","type":"page","link":"https:\/\/www.usf-an.pt\/academia-csp\/carlos-filipe-santos\/","title":{"rendered":"Carlos Filipe Santos"},"content":{"rendered":"<div class=\"wpb-content-wrapper\"><p>[vc_row][vc_column][vc_column_text]<strong><img loading=\"lazy\" decoding=\"async\" class=\"alignnone wp-image-477 size-thumbnail\" src=\"https:\/\/www.usf-an.pt\/academia-csp\/wp-content\/uploads\/2018\/11\/Carlos-150x150.png\" alt=\"\" width=\"150\" height=\"150\" srcset=\"https:\/\/www.usf-an.pt\/academia-csp\/wp-content\/uploads\/2018\/11\/Carlos-150x150.png 150w, https:\/\/www.usf-an.pt\/academia-csp\/wp-content\/uploads\/2018\/11\/Carlos-300x299.png 300w, https:\/\/www.usf-an.pt\/academia-csp\/wp-content\/uploads\/2018\/11\/Carlos.png 301w\" sizes=\"auto, (max-width: 150px) 100vw, 150px\" \/><\/strong><\/p>\n<p><strong>Carlos Filipe Santos<\/strong>\u00a0(1986) \u2013 Licenciatura em Medicina (Faculdade de Medicina da Universidade de Santiago de Compostela, Galiza, Espanha). P\u00f3s-Gradua\u00e7\u00e3o em Geriatria Cl\u00ednica (Curso Internacional em Geriatria Cl\u00ednica, Faculdade de Medicina da Universidade do Porto).<br \/>\nDe janeiro a dezembro de 2014 &#8211; Internato do Ano Comum &#8211; Forma\u00e7\u00e3o na Unidade Local de Sa\u00fade (ULS) do Nordeste &#8211; Mirandela, Macedo de Cavaleiros e Bragan\u00e7a &#8211; e na Unidade de Cuidados de Sa\u00fade Personalizados (UCSP) de Macedo de Cavaleiros.<br \/>\nDe janeiro de 2015 a dezembro de 2018 &#8211; Internato de Forma\u00e7\u00e3o Espec\u00edfica em Medicina Geral e Familiar &#8211; Agrupamento de Centros de Sa\u00fade (ACeS) C\u00e1vado III Barcelos \/ Esposende &#8211; USF Alcaides de Faria.<\/p>\n<p>&nbsp;<\/p>\n<p><strong><u>NOTA PESSOAL<\/u><\/strong><\/p>\n<p><strong>Quest\u00e3o:<\/strong>\u00a0&#8220;Como pode a ACSP contribuir para o desenvolvimento dos CSP?&#8221;<br \/>\n<strong>Resposta:<\/strong>\u00a0&#8220;Atrav\u00e9s da capacita\u00e7\u00e3o do profissionais de sa\u00fade e da promo\u00e7\u00e3o de melhores cuidados de sa\u00fade tendo como base um modelo formativo inovador.&#8221;[\/vc_column_text][\/vc_column][\/vc_row]<\/p>\n<\/div>","protected":false},"excerpt":{"rendered":"<p>[vc_row][vc_column][vc_column_text] Carlos Filipe Santos\u00a0(1986) \u2013 Licenciatura em Medicina (Faculdade de Medicina da Universidade de Santiago de Compostela, Galiza, Espanha). P\u00f3s-Gradua\u00e7\u00e3o em Geriatria Cl\u00ednica (Curso Internacional em Geriatria Cl\u00ednica, Faculdade de&#8230;<\/p>\n","protected":false},"author":1,"featured_media":477,"parent":0,"menu_order":0,"comment_status":"closed","ping_status":"closed","template":"","meta":{"footnotes":""},"class_list":["post-478","page","type-page","status-publish","has-post-thumbnail","hentry"],"aioseo_notices":[],"_links":{"self":[{"href":"https:\/\/www.usf-an.pt\/academia-csp\/wp-json\/wp\/v2\/pages\/478","targetHints":{"allow":["GET"]}}],"collection":[{"href":"https:\/\/www.usf-an.pt\/academia-csp\/wp-json\/wp\/v2\/pages"}],"about":[{"href":"https:\/\/www.usf-an.pt\/academia-csp\/wp-json\/wp\/v2\/types\/page"}],"author":[{"embeddable":true,"href":"https:\/\/www.usf-an.pt\/academia-csp\/wp-json\/wp\/v2\/users\/1"}],"replies":[{"embeddable":true,"href":"https:\/\/www.usf-an.pt\/academia-csp\/wp-json\/wp\/v2\/comments?post=478"}],"version-history":[{"count":1,"href":"https:\/\/www.usf-an.pt\/academia-csp\/wp-json\/wp\/v2\/pages\/478\/revisions"}],"predecessor-version":[{"id":479,"href":"https:\/\/www.usf-an.pt\/academia-csp\/wp-json\/wp\/v2\/pages\/478\/revisions\/479"}],"wp:featuredmedia":[{"embeddable":true,"href":"https:\/\/www.usf-an.pt\/academia-csp\/wp-json\/wp\/v2\/media\/477"}],"wp:attachment":[{"href":"https:\/\/www.usf-an.pt\/academia-csp\/wp-json\/wp\/v2\/media?parent=478"}],"curies":[{"name":"wp","href":"https:\/\/api.w.org\/{rel}","templated":true}]}}