{"id":422,"date":"2018-11-08T11:02:23","date_gmt":"2018-11-08T10:02:23","guid":{"rendered":"https:\/\/www.usf-an.pt\/academia-csp\/?page_id=422"},"modified":"2018-11-09T11:25:11","modified_gmt":"2018-11-09T10:25:11","slug":"diogo-urjais","status":"publish","type":"page","link":"https:\/\/www.usf-an.pt\/academia-csp\/diogo-urjais\/","title":{"rendered":"Diogo Urjais"},"content":{"rendered":"<div class=\"wpb-content-wrapper\"><p>[vc_row][vc_column][vc_column_text]<strong><img loading=\"lazy\" decoding=\"async\" class=\"aligncenter wp-image-424 size-thumbnail\" src=\"https:\/\/www.usf-an.pt\/academia-csp\/wp-content\/uploads\/2018\/11\/DU-150x150.png\" alt=\"\" width=\"150\" height=\"150\" srcset=\"https:\/\/www.usf-an.pt\/academia-csp\/wp-content\/uploads\/2018\/11\/DU-150x150.png 150w, https:\/\/www.usf-an.pt\/academia-csp\/wp-content\/uploads\/2018\/11\/DU-300x299.png 300w, https:\/\/www.usf-an.pt\/academia-csp\/wp-content\/uploads\/2018\/11\/DU.png 301w\" sizes=\"auto, (max-width: 150px) 100vw, 150px\" \/><\/strong><\/p>\n<p><strong>Diogo Urjais<\/strong>\u00a0(1984) \u2013 Licenciado em Enfermagem pela Escola Superior de Enfermagem de Leiria (2006), atualmente Escola Superior de Sa\u00fade; P\u00f3s-graduado em gest\u00e3o unidades de sa\u00fade pela Universidade Beira Interior, Covilh\u00e3 (2010); Enfermeiro no Centro Sa\u00fade Gorj\u00e3o Henriques, 2006-2007; Enfermeiro de Fam\u00edlia na USF Dom Diniz desde 2007.<\/p>\n<p>&nbsp;<\/p>\n<p><strong><u>NOTA PESSOAL<\/u><\/strong><\/p>\n<p><strong>Quest\u00e3o:<\/strong>\u00a0&#8220;Como pode a ACSP contribuir para o desenvolvimento dos CSP?&#8221;<br \/>\n<strong>Resposta:<\/strong>\u00a0&#8220;Essencialmente por tr\u00eas motivos: pelo seu modelo formativo inovador que assenta em tr\u00eas momentos distintos (online, presencial e pr\u00e1tico), pela grande rede de partilha que proporciona e por satisfazer as necessidades dos profissionais.&#8221;[\/vc_column_text][\/vc_column][\/vc_row]<\/p>\n<\/div>","protected":false},"excerpt":{"rendered":"<p>[vc_row][vc_column][vc_column_text] Diogo Urjais\u00a0(1984) \u2013 Licenciado em Enfermagem pela Escola Superior de Enfermagem de Leiria (2006), atualmente Escola Superior de Sa\u00fade; P\u00f3s-graduado em gest\u00e3o unidades de sa\u00fade pela Universidade Beira Interior,&#8230;<\/p>\n","protected":false},"author":1,"featured_media":424,"parent":0,"menu_order":0,"comment_status":"closed","ping_status":"closed","template":"","meta":{"footnotes":""},"class_list":["post-422","page","type-page","status-publish","has-post-thumbnail","hentry"],"aioseo_notices":[],"_links":{"self":[{"href":"https:\/\/www.usf-an.pt\/academia-csp\/wp-json\/wp\/v2\/pages\/422","targetHints":{"allow":["GET"]}}],"collection":[{"href":"https:\/\/www.usf-an.pt\/academia-csp\/wp-json\/wp\/v2\/pages"}],"about":[{"href":"https:\/\/www.usf-an.pt\/academia-csp\/wp-json\/wp\/v2\/types\/page"}],"author":[{"embeddable":true,"href":"https:\/\/www.usf-an.pt\/academia-csp\/wp-json\/wp\/v2\/users\/1"}],"replies":[{"embeddable":true,"href":"https:\/\/www.usf-an.pt\/academia-csp\/wp-json\/wp\/v2\/comments?post=422"}],"version-history":[{"count":2,"href":"https:\/\/www.usf-an.pt\/academia-csp\/wp-json\/wp\/v2\/pages\/422\/revisions"}],"predecessor-version":[{"id":425,"href":"https:\/\/www.usf-an.pt\/academia-csp\/wp-json\/wp\/v2\/pages\/422\/revisions\/425"}],"wp:featuredmedia":[{"embeddable":true,"href":"https:\/\/www.usf-an.pt\/academia-csp\/wp-json\/wp\/v2\/media\/424"}],"wp:attachment":[{"href":"https:\/\/www.usf-an.pt\/academia-csp\/wp-json\/wp\/v2\/media?parent=422"}],"curies":[{"name":"wp","href":"https:\/\/api.w.org\/{rel}","templated":true}]}}