{"id":13,"date":"2018-08-08T12:36:55","date_gmt":"2018-08-08T11:36:55","guid":{"rendered":"https:\/\/www.usf-an.pt\/academia-csp\/?page_id=13"},"modified":"2018-10-18T16:55:21","modified_gmt":"2018-10-18T15:55:21","slug":"cursos-caf","status":"publish","type":"page","link":"https:\/\/www.usf-an.pt\/academia-csp\/cursos-caf\/","title":{"rendered":"Cursos (CAF)"},"content":{"rendered":"<div class=\"wpb-content-wrapper\"><p>[vc_row][vc_column css_animation=&#8221;none&#8221; width=&#8221;1\/3&#8243; el_class=&#8221;efeitoimg&#8221;][vc_column_text]<\/p>\n<p style=\"text-align: center;\"><strong><a class=\"c-preview\" href=\"https:\/\/www.usf-an.pt\/academia-csp\/area\/comportamental\/\"><img loading=\"lazy\" decoding=\"async\" class=\"aligncenter wp-image-195 size-full\" src=\"https:\/\/www.usf-an.pt\/academia-csp\/wp-content\/uploads\/2018\/10\/COMPORTAMENTAL.png\" alt=\"\" width=\"300\" height=\"300\" srcset=\"https:\/\/www.usf-an.pt\/academia-csp\/wp-content\/uploads\/2018\/10\/COMPORTAMENTAL.png 300w, https:\/\/www.usf-an.pt\/academia-csp\/wp-content\/uploads\/2018\/10\/COMPORTAMENTAL-150x150.png 150w\" sizes=\"auto, (max-width: 300px) 100vw, 300px\" \/><\/a>\u00a0<\/strong><\/p>\n<p style=\"text-align: center;\"><strong>\u00c1rea Comportamental<\/strong><\/p>\n<p>[\/vc_column_text][\/vc_column][vc_column width=&#8221;1\/3&#8243; el_class=&#8221;efeitoimg&#8221;][vc_column_text]<\/p>\n<p style=\"text-align: center;\"><strong><a href=\"https:\/\/www.usf-an.pt\/academia-csp\/area\/organizacional\/\"><img loading=\"lazy\" decoding=\"async\" class=\"aligncenter wp-image-196 size-full\" src=\"https:\/\/www.usf-an.pt\/academia-csp\/wp-content\/uploads\/2018\/10\/ORGANIZACIONAL.png\" alt=\"\" width=\"300\" height=\"300\" srcset=\"https:\/\/www.usf-an.pt\/academia-csp\/wp-content\/uploads\/2018\/10\/ORGANIZACIONAL.png 300w, https:\/\/www.usf-an.pt\/academia-csp\/wp-content\/uploads\/2018\/10\/ORGANIZACIONAL-150x150.png 150w\" sizes=\"auto, (max-width: 300px) 100vw, 300px\" \/><\/a>\u00a0<\/strong><\/p>\n<p style=\"text-align: center;\"><strong>\u00c1rea Organizacional<\/strong><\/p>\n<p>[\/vc_column_text][\/vc_column][vc_column width=&#8221;1\/3&#8243; el_class=&#8221;efeitoimg&#8221;][vc_column_text]<\/p>\n<p style=\"text-align: center;\"><strong><a href=\"https:\/\/www.usf-an.pt\/academia-csp\/area\/tecnico-cientifica\/\"><img loading=\"lazy\" decoding=\"async\" class=\"aligncenter wp-image-192 size-full\" src=\"https:\/\/www.usf-an.pt\/academia-csp\/wp-content\/uploads\/2018\/10\/TECNICO-CIENTIFICO.png\" alt=\"\" width=\"301\" height=\"300\" srcset=\"https:\/\/www.usf-an.pt\/academia-csp\/wp-content\/uploads\/2018\/10\/TECNICO-CIENTIFICO.png 301w, https:\/\/www.usf-an.pt\/academia-csp\/wp-content\/uploads\/2018\/10\/TECNICO-CIENTIFICO-150x150.png 150w, https:\/\/www.usf-an.pt\/academia-csp\/wp-content\/uploads\/2018\/10\/TECNICO-CIENTIFICO-300x299.png 300w\" sizes=\"auto, (max-width: 301px) 100vw, 301px\" \/><\/a>\u00a0<\/strong><\/p>\n<p style=\"text-align: center;\"><strong>\u00c1rea T\u00e9cnico-Cient\u00edfica<\/strong><\/p>\n<p>[\/vc_column_text][\/vc_column][\/vc_row]<\/p>\n<\/div>","protected":false},"excerpt":{"rendered":"<p>[vc_row][vc_column css_animation=&#8221;none&#8221; width=&#8221;1\/3&#8243; el_class=&#8221;efeitoimg&#8221;][vc_column_text] \u00a0 \u00c1rea Comportamental [\/vc_column_text][\/vc_column][vc_column width=&#8221;1\/3&#8243; el_class=&#8221;efeitoimg&#8221;][vc_column_text] \u00a0 \u00c1rea Organizacional [\/vc_column_text][\/vc_column][vc_column width=&#8221;1\/3&#8243; el_class=&#8221;efeitoimg&#8221;][vc_column_text] \u00a0 \u00c1rea T\u00e9cnico-Cient\u00edfica [\/vc_column_text][\/vc_column][\/vc_row]<\/p>\n","protected":false},"author":1,"featured_media":0,"parent":0,"menu_order":0,"comment_status":"closed","ping_status":"closed","template":"","meta":{"footnotes":""},"class_list":["post-13","page","type-page","status-publish","hentry"],"aioseo_notices":[],"_links":{"self":[{"href":"https:\/\/www.usf-an.pt\/academia-csp\/wp-json\/wp\/v2\/pages\/13","targetHints":{"allow":["GET"]}}],"collection":[{"href":"https:\/\/www.usf-an.pt\/academia-csp\/wp-json\/wp\/v2\/pages"}],"about":[{"href":"https:\/\/www.usf-an.pt\/academia-csp\/wp-json\/wp\/v2\/types\/page"}],"author":[{"embeddable":true,"href":"https:\/\/www.usf-an.pt\/academia-csp\/wp-json\/wp\/v2\/users\/1"}],"replies":[{"embeddable":true,"href":"https:\/\/www.usf-an.pt\/academia-csp\/wp-json\/wp\/v2\/comments?post=13"}],"version-history":[{"count":14,"href":"https:\/\/www.usf-an.pt\/academia-csp\/wp-json\/wp\/v2\/pages\/13\/revisions"}],"predecessor-version":[{"id":227,"href":"https:\/\/www.usf-an.pt\/academia-csp\/wp-json\/wp\/v2\/pages\/13\/revisions\/227"}],"wp:attachment":[{"href":"https:\/\/www.usf-an.pt\/academia-csp\/wp-json\/wp\/v2\/media?parent=13"}],"curies":[{"name":"wp","href":"https:\/\/api.w.org\/{rel}","templated":true}]}}