{"id":11,"date":"2018-08-08T12:34:20","date_gmt":"2018-08-08T11:34:20","guid":{"rendered":"https:\/\/www.usf-an.pt\/academia-csp\/?page_id=11"},"modified":"2022-03-15T15:56:43","modified_gmt":"2022-03-15T14:56:43","slug":"modelo-formativo","status":"publish","type":"page","link":"https:\/\/www.usf-an.pt\/academia-csp\/modelo-formativo\/","title":{"rendered":"Modelo Formativo"},"content":{"rendered":"<div class=\"wpb-content-wrapper\"><p>[vc_row][vc_column css=&#8221;.vc_custom_1539943910003{margin-bottom: 30px !important;}&#8221;][rev_slider_vc alias=&#8221;modelo&#8221;][\/vc_column][\/vc_row][vc_row][vc_column][vc_column_text]Cada um dos Cursos Avan\u00e7ados de Forma\u00e7\u00e3o (CAF) \u00e9 dirigido por uma equipa pedag\u00f3gica que integrar\u00e1 o Coordenador Cient\u00edfico, Coordenador Pedag\u00f3gico e Formadores, que assegurar\u00e3o a dinamiza\u00e7\u00e3o pedag\u00f3gica (presencial e <em>online<\/em>) das atividades de aprendizagem e trabalhos pr\u00e1ticos, de acordo com o roteiro pedag\u00f3gico abaixo. O modelo de aprendizagem colaborativa, forma\u00e7\u00e3o-a\u00e7\u00e3o, constru\u00eddo em parceria com a Universidade de Aveiro e em materializa\u00e7\u00e3o no Campus Virtual da Academia dos CSP (<a href=\"https:\/\/campus.altice.pt\/\" target=\"_blank\" rel=\"noopener\">Campus Altice<\/a>), afirmar-se como uma oportunidade para o desenvolvimento integrado de CAF, com carga hor\u00e1rio m\u00ednima de 30 horas, onde os Profissionais e Equipas dos CSP ser\u00e3o desafiados a partilhar e amadurecer pr\u00e1ticas bem-sucedidas, juntamente com a sua equipa.<\/p>\n<p><strong>Em alternativa, em 2022, na 4\u00aa Edi\u00e7\u00e3o da Academia dos CSP, ser\u00e1 poss\u00edvel desenvolver um trabalho focado no desenvolvimento pessoal e profissional.<\/strong> Assim, Academia dos CSP possibilita tamb\u00e9m, aos formandos que assim pretendam, o desenvolvimento de trabalho individual, mantendo igualmente o apoio e orienta\u00e7\u00e3o da equipa pedag\u00f3gica. Caso opte por esta via, a 3\u00aa fase do Roteiro Pedag\u00f3gico deve ser encarada numa \u00f3tica individual. Os formandos que conclu\u00edrem o respetivo trabalho tamb\u00e9m receber\u00e3o um certificado de Curso com dura\u00e7\u00e3o de 30 horas.<\/p>\n<p><span style=\"color: #ff0000;\"><strong>Roteiro Pedag\u00f3gico<\/strong><\/span><\/p>\n<h4><strong>1\u00aa Fase: Autoforma\u00e7\u00e3o Assistida (<em>online<\/em>)<\/strong><\/h4>\n<p>Os formandos ter\u00e3o acesso a uma Plataforma de forma\u00e7\u00e3o <em>online<\/em>, denominada de Sapo Campus, na qual desenvolver\u00e3o as atividades:<\/p>\n<ul>\n<li>Socializa\u00e7\u00e3o<\/li>\n<li>Diagn\u00f3stico pessoal com feedback<\/li>\n<li>Estudo, reflex\u00e3o, cr\u00edtica e discuss\u00e3o com os pares sobre referenciais de partida<\/li>\n<li>Conhecimento das pr\u00e1ticas a mobilizar para a forma\u00e7\u00e3o presencial<\/li>\n<\/ul>\n<p><strong>Objetivos<\/strong>:<\/p>\n<ul>\n<li>Intera\u00e7\u00f5es entre Participantes, Coordenador Cient\u00edfico e Formadores<\/li>\n<li>Lan\u00e7amento de comunidades de aprendizagem e de partilha de pr\u00e1ticas<\/li>\n<\/ul>\n<p>&nbsp;<\/p>\n<h4><strong>2\u00aa Fase: Forma\u00e7\u00e3o Presencial (em sala)<\/strong><\/h4>\n<p>Em local a ser definido, normalmente durante dois dias (15h), todos os formandos dever\u00e3o comparecer presencialmente para desenvolverem as atividades:<\/p>\n<ul>\n<li>Briefing Inicial a todos os formandos (45 min)<\/li>\n<li>M\u00f3dulos e sess\u00f5es espec\u00edficos de cada CAF em sala espec\u00edfica<\/li>\n<li>Debriefing Final a todos os CAF para valida\u00e7\u00e3o dos compromissos e linhas gerais do trabalho pr\u00e1tico nas USF (45 min)<\/li>\n<\/ul>\n<p><strong>Objetivos<\/strong>:<\/p>\n<ul>\n<li>Foco na partilha de pr\u00e1ticas em progresso e solu\u00e7\u00f5es bem-sucedidas<\/li>\n<li>Demonstra\u00e7\u00f5es e Treino de guidelines, protocolos e procedimentos<\/li>\n<li>Aprendizagem baseada na resolu\u00e7\u00e3o de problemas<\/li>\n<li>Recurso a processos de reflex\u00e3o, tomada de decis\u00f5es e atua\u00e7\u00e3o em Equipa<\/li>\n<li>Constru\u00e7\u00e3o e partilha de protocolos espec\u00edficos e ajudas ao trabalho (chekclists, etc.)<\/li>\n<li>Planos de a\u00e7\u00e3o (melhoria e desenvolvimento) a concretizar nos meses seguintes<\/li>\n<\/ul>\n<p>&nbsp;<\/p>\n<h4><strong>3\u00aa Fase: Trabalho Pr\u00e1tico com Acompanhamento \u00e0 Dist\u00e2ncia (online)<\/strong><\/h4>\n<p>Os formandos dever\u00e3o partir das aprendizagens adquiridas para implementarem \u201cmudan\u00e7as de comportamento\u201d nas suas Unidades. Esta \u00e9 a fase de implementa\u00e7\u00e3o de trabalhos pr\u00e1ticos, e os formandos desenvolver\u00e3o as atividades:<\/p>\n<ul>\n<li>Implementa\u00e7\u00e3o dos compromissos, trabalhos pr\u00e1ticos e de campo<\/li>\n<li>Momentos de acompanhamento via sess\u00f5es ass\u00edncronas<\/li>\n<li>Instrumentos de report e feedback<\/li>\n<\/ul>\n<p><strong>Objetivos<\/strong>:<\/p>\n<ul>\n<li>Partilha dos progressos, dificuldades e sucessos com os membros do seu CAF e Comunidades mais alargadas<\/li>\n<li>Consolida\u00e7\u00e3o e dissemina\u00e7\u00e3o de aprendizagens e pr\u00e1ticas bem sucedidas<\/li>\n<li>Partilha dos trabalhos e pr\u00e1ticas na comunidade<\/li>\n<\/ul>\n<p>&nbsp;<\/p>\n<p>Finalizaremos o percurso formativo com a Apresenta\u00e7\u00e3o P\u00fablica dos melhores trabalhos da Academia dos CSP. Esses trabalhos ser\u00e3o selecionados por um j\u00fari constitu\u00eddo para o efeito.<\/p>\n<p>Os trabalhos ser\u00e3o avaliados e premiados!<\/p>\n<p>\u00abInvista em si, invista na sua equipa!\u00bb[\/vc_column_text][\/vc_column][\/vc_row][vc_row][vc_column][vc_column_text]<strong>PLATAFORMA ONLINE<\/strong><\/p>\n<p><a href=\"https:\/\/campus.altice.pt\/\" target=\"_blank\" rel=\"noopener\"><img loading=\"lazy\" decoding=\"async\" class=\"alignnone size-full wp-image-690\" src=\"https:\/\/www.usf-an.pt\/academia-csp\/wp-content\/uploads\/2020\/02\/campus-altice.png\" alt=\"\" width=\"292\" height=\"260\" srcset=\"https:\/\/www.usf-an.pt\/academia-csp\/wp-content\/uploads\/2020\/02\/campus-altice.png 292w, https:\/\/www.usf-an.pt\/academia-csp\/wp-content\/uploads\/2020\/02\/campus-altice-80x70.png 80w\" sizes=\"auto, (max-width: 292px) 100vw, 292px\" \/><\/a>[\/vc_column_text][\/vc_column][\/vc_row]<\/p>\n<\/div>","protected":false},"excerpt":{"rendered":"<p>[vc_row][vc_column css=&#8221;.vc_custom_1539943910003{margin-bottom: 30px !important;}&#8221;][rev_slider_vc alias=&#8221;modelo&#8221;][\/vc_column][\/vc_row][vc_row][vc_column][vc_column_text]Cada um dos Cursos Avan\u00e7ados de Forma\u00e7\u00e3o (CAF) \u00e9 dirigido por uma equipa pedag\u00f3gica que integrar\u00e1 o Coordenador Cient\u00edfico, Coordenador Pedag\u00f3gico e Formadores, que assegurar\u00e3o a&#8230;<\/p>\n","protected":false},"author":1,"featured_media":0,"parent":0,"menu_order":0,"comment_status":"closed","ping_status":"closed","template":"","meta":{"footnotes":""},"class_list":["post-11","page","type-page","status-publish","hentry"],"aioseo_notices":[],"_links":{"self":[{"href":"https:\/\/www.usf-an.pt\/academia-csp\/wp-json\/wp\/v2\/pages\/11","targetHints":{"allow":["GET"]}}],"collection":[{"href":"https:\/\/www.usf-an.pt\/academia-csp\/wp-json\/wp\/v2\/pages"}],"about":[{"href":"https:\/\/www.usf-an.pt\/academia-csp\/wp-json\/wp\/v2\/types\/page"}],"author":[{"embeddable":true,"href":"https:\/\/www.usf-an.pt\/academia-csp\/wp-json\/wp\/v2\/users\/1"}],"replies":[{"embeddable":true,"href":"https:\/\/www.usf-an.pt\/academia-csp\/wp-json\/wp\/v2\/comments?post=11"}],"version-history":[{"count":5,"href":"https:\/\/www.usf-an.pt\/academia-csp\/wp-json\/wp\/v2\/pages\/11\/revisions"}],"predecessor-version":[{"id":770,"href":"https:\/\/www.usf-an.pt\/academia-csp\/wp-json\/wp\/v2\/pages\/11\/revisions\/770"}],"wp:attachment":[{"href":"https:\/\/www.usf-an.pt\/academia-csp\/wp-json\/wp\/v2\/media?parent=11"}],"curies":[{"name":"wp","href":"https:\/\/api.w.org\/{rel}","templated":true}]}}